{"id":438,"date":"2019-11-21T13:28:57","date_gmt":"2019-11-21T11:28:57","guid":{"rendered":"http:\/\/piirto.com\/?page_id=438"},"modified":"2026-05-13T12:18:31","modified_gmt":"2026-05-13T09:18:31","slug":"menossa-olevaa","status":"publish","type":"page","link":"https:\/\/piirto.com\/fi\/vierailevat-taiteilijat-2\/menossa-olevaa\/","title":{"rendered":"JUURI NYT"},"content":{"rendered":"<h1 style=\"text-align: center;\" align=\"LEFT\">12.5.-12.6.2026\u00a0 \u00a0 &#8221;MOMENTS IN SUMMER&#8221;<\/h1>\n<h2 style=\"text-align: center;\"><img loading=\"lazy\" decoding=\"async\" class=\"wp-image-46890 aligncenter\" src=\"https:\/\/www.piirto.com\/wp-content\/uploads\/2026\/05\/TAITEILIJA-TAPANI-PIIRTO-JULISTE-12.05-12.06-212x300.jpg\" alt=\"\" width=\"752\" height=\"1065\" srcset=\"https:\/\/piirto.com\/wp-content\/uploads\/2026\/05\/TAITEILIJA-TAPANI-PIIRTO-JULISTE-12.05-12.06-212x300.jpg 212w, https:\/\/piirto.com\/wp-content\/uploads\/2026\/05\/TAITEILIJA-TAPANI-PIIRTO-JULISTE-12.05-12.06-724x1024.jpg 724w, https:\/\/piirto.com\/wp-content\/uploads\/2026\/05\/TAITEILIJA-TAPANI-PIIRTO-JULISTE-12.05-12.06-1086x1536.jpg 1086w, https:\/\/piirto.com\/wp-content\/uploads\/2026\/05\/TAITEILIJA-TAPANI-PIIRTO-JULISTE-12.05-12.06-8x12.jpg 8w, https:\/\/piirto.com\/wp-content\/uploads\/2026\/05\/TAITEILIJA-TAPANI-PIIRTO-JULISTE-12.05-12.06-600x849.jpg 600w, https:\/\/piirto.com\/wp-content\/uploads\/2026\/05\/TAITEILIJA-TAPANI-PIIRTO-JULISTE-12.05-12.06.jpg 1240w\" sizes=\"auto, (max-width: 752px) 100vw, 752px\" \/><span style=\"color: #333399; font-size: 21px;\"><strong>Tapani Piirto\u00a0 \u00a0&amp; \u00a0Marja Uusiluoto-Raaska<\/strong><\/span><\/h2>\n<p style=\"text-align: center;\">Kes\u00e4n valoa, muistoja ja herkki\u00e4 tunnelmia heijastava n\u00e4yttely. Tapani Piirton \u00f6ljyv\u00e4rimaalaukset kuvaavat<br \/>\najattomia hetki\u00e4 luonnon, ihmisten ja muistojen \u00e4\u00e4rell\u00e4. N\u00e4yttely kutsuu pys\u00e4htym\u00e4\u00e4n kes\u00e4n pehme\u00e4\u00e4n valoon.<br \/>\nMukana on my\u00f6s pieni valikoima Marja Uusiluoto-Raaskan pienoisveistoksia.<br \/>\n<strong><span style=\"color: #333399;\">Tervetuloa kokemaan n\u00e4yttely.<\/span> \ud83d\udc99<\/strong><\/p>\n<p style=\"text-align: center;\">An exhibition reflecting the light of summer, memories, and delicate atmospheres. Tapani Piirto\u2019s oil paintings portray timeless<br \/>\nmoments inspired by nature, people, and memory. The exhibition invites visitors to pause in the soft light of summer.<br \/>\nAlso featuring a small selection of miniature sculptures by Marja Uusiluoto-Raaska<br \/>\n<span style=\"color: #993300;\"><strong><span style=\"color: #000080;\">Welcome to experience the exhibition.<\/span> \ud83d\udc99<\/strong><\/span><\/p>\n<hr \/>\n<h2 style=\"text-align: center;\" align=\"LEFT\"><strong>13.6.-15.8.2026\u00a0 \u00a0Taidesalonki &#8211; <span class=\"HwtZe\" lang=\"en\"><span class=\"jCAhz ChMk0b\"><span class=\"ryNqvb\">Art Gallery PIIRTO<\/span><\/span><\/span><\/strong><\/h2>\n<p style=\"text-align: center;\"><strong>Salakkakuja 4 A Helsinki, Lauttassaari <span class=\"HwtZe\" lang=\"en\"><span class=\"jCAhz ChMk0b\"><span class=\"ryNqvb\">on suljettu &#8211; is closed &#8211;<span class=\"HwtZe\" lang=\"sv\"> \u00e4r st\u00e4ngd.<\/span>\u00a0<\/span><\/span><\/span><\/strong><\/p>\n<p align=\"LEFT\"><strong><img loading=\"lazy\" decoding=\"async\" class=\"wp-image-46893 aligncenter\" src=\"https:\/\/piirto.com\/wp-content\/uploads\/2026\/05\/TAIDESALONKI-PIIRTO-SULJETTU-13.6.-15-212x300.jpg\" alt=\"\" width=\"755\" height=\"1069\" srcset=\"https:\/\/piirto.com\/wp-content\/uploads\/2026\/05\/TAIDESALONKI-PIIRTO-SULJETTU-13.6.-15-212x300.jpg 212w, https:\/\/piirto.com\/wp-content\/uploads\/2026\/05\/TAIDESALONKI-PIIRTO-SULJETTU-13.6.-15-724x1024.jpg 724w, https:\/\/piirto.com\/wp-content\/uploads\/2026\/05\/TAIDESALONKI-PIIRTO-SULJETTU-13.6.-15-768x1086.jpg 768w, https:\/\/piirto.com\/wp-content\/uploads\/2026\/05\/TAIDESALONKI-PIIRTO-SULJETTU-13.6.-15-1086x1536.jpg 1086w, https:\/\/piirto.com\/wp-content\/uploads\/2026\/05\/TAIDESALONKI-PIIRTO-SULJETTU-13.6.-15-8x12.jpg 8w, https:\/\/piirto.com\/wp-content\/uploads\/2026\/05\/TAIDESALONKI-PIIRTO-SULJETTU-13.6.-15-600x849.jpg 600w, https:\/\/piirto.com\/wp-content\/uploads\/2026\/05\/TAIDESALONKI-PIIRTO-SULJETTU-13.6.-15.jpg 1240w\" sizes=\"auto, (max-width: 755px) 100vw, 755px\" \/><\/strong><\/p>\n<p style=\"text-align: center;\">Taidesalonki &#8211; Art Gallery PIIRTO Salakkakuja 4 A, Helsinki on suljettu &#8211; is closed &#8211; \u00e4r st\u00e4ngd.<br \/>\nTavoitat meid\u00e4t kuitenkin &#8211; However you can reach us &#8211; D\u00e4remot kan du m\u00e5 oss<br \/>\n<strong><span style=\"font-size: 18px; color: #ff0000;\">\u2022<\/span><\/strong>+358 50 3575777\u00a0 \u00a0 \u00a0 \u00a0 <strong><span style=\"color: #ff0000; font-size: 18px;\">\u2022<\/span><\/strong>info@piirto.com<br \/>\n<em>\u00a0 <\/em><strong><span style=\"color: #ff0000; font-size: 18px;\">\u2022<\/span><\/strong>18.6.-9.8.2026: Olavinkatu 44, 57130 Savonlinna<br \/>\n<strong>Tervetuloa \u2013 Welcome \u2013 V\u00e4lkommen<\/strong><\/p>\n","protected":false},"excerpt":{"rendered":"<p>12.5.-12.6.2026\u00a0 \u00a0 &#8221;MOMENTS IN SUMMER&#8221; Tapani Piirto\u00a0 \u00a0&amp; \u00a0Marja Uusiluoto-Raaska Kes\u00e4n valoa, muistoja ja herkki\u00e4 tunnelmia heijastava n\u00e4yttely. Tapani Piirton \u00f6ljyv\u00e4rimaalaukset kuvaavat ajattomia hetki\u00e4 luonnon, ihmisten ja muistojen \u00e4\u00e4rell\u00e4. N\u00e4yttely kutsuu pys\u00e4htym\u00e4\u00e4n kes\u00e4n pehme\u00e4\u00e4n valoon. Mukana on my\u00f6s pieni valikoima Marja Uusiluoto-Raaskan pienoisveistoksia. Tervetuloa kokemaan n\u00e4yttely. \ud83d\udc99 An exhibition reflecting the light of summer, memories,&#8230;<\/p>\n","protected":false},"author":1,"featured_media":0,"parent":436,"menu_order":0,"comment_status":"closed","ping_status":"closed","template":"","meta":{"footnotes":""},"class_list":["post-438","page","type-page","status-publish","hentry"],"_links":{"self":[{"href":"https:\/\/piirto.com\/fi\/wp-json\/wp\/v2\/pages\/438","targetHints":{"allow":["GET"]}}],"collection":[{"href":"https:\/\/piirto.com\/fi\/wp-json\/wp\/v2\/pages"}],"about":[{"href":"https:\/\/piirto.com\/fi\/wp-json\/wp\/v2\/types\/page"}],"author":[{"embeddable":true,"href":"https:\/\/piirto.com\/fi\/wp-json\/wp\/v2\/users\/1"}],"replies":[{"embeddable":true,"href":"https:\/\/piirto.com\/fi\/wp-json\/wp\/v2\/comments?post=438"}],"version-history":[{"count":9,"href":"https:\/\/piirto.com\/fi\/wp-json\/wp\/v2\/pages\/438\/revisions"}],"predecessor-version":[{"id":46939,"href":"https:\/\/piirto.com\/fi\/wp-json\/wp\/v2\/pages\/438\/revisions\/46939"}],"up":[{"embeddable":true,"href":"https:\/\/piirto.com\/fi\/wp-json\/wp\/v2\/pages\/436"}],"wp:attachment":[{"href":"https:\/\/piirto.com\/fi\/wp-json\/wp\/v2\/media?parent=438"}],"curies":[{"name":"wp","href":"https:\/\/api.w.org\/{rel}","templated":true}]}}