{"id":433,"date":"2019-11-21T13:19:31","date_gmt":"2019-11-21T11:19:31","guid":{"rendered":"http:\/\/piirto.com\/?page_id=433"},"modified":"2025-10-07T22:13:57","modified_gmt":"2025-10-07T19:13:57","slug":"muualla-olevat-nayttelyt","status":"publish","type":"page","link":"https:\/\/piirto.com\/fi\/tapanin-maalauksia\/muualla-olevat-nayttelyt\/","title":{"rendered":"TAPANI PIIRTON N\u00c4YTTELYT MUUALLA"},"content":{"rendered":"<p align=\"CENTER\"><span style=\"font-size: 24px; color: #333399;\"><strong> <span style=\"color: #333399;\">Vuosittain vaihtuva kes\u00e4n\u00e4yttely Savonlinnassa<\/span><\/strong><\/span><br \/>\n<span style=\"font-size: 18px;\"><span style=\"font-size: 16px;\">Piirton maalaukset ovat olleet esill\u00e4 Savonlinnassa tauotta vuodesta 1998. <\/span><br \/>\n<span style=\"font-size: 16px;\">N\u00e4yttely &#8221;Feel the Whisper of Art&#8221; pidettiin 13.6.-10.8.2025 osoitteessa Olavinkatu 44.<\/span><\/span><\/p>\n<p align=\"CENTER\"><span style=\"font-size: 24px; color: #993300;\"><strong> Annual summer exhibition in Savonlinna<\/strong><\/span><br \/>\n<span style=\"font-size: 16px;\">Tapani Piirto has exhibited his paintings in Savonlinna every year since 1998.<br \/>\n&#8221;Feel the Whisper of Art&#8221; &#8211; Exhibition of 2025 was held 13.6.-10.8.2025 at Olavinkatu 44.<\/span><\/p>\n<hr \/>\n<p style=\"text-align: center;\" align=\"LEFT\"><img loading=\"lazy\" decoding=\"async\" class=\" wp-image-46841 alignleft\" src=\"https:\/\/piirto.com\/wp-content\/uploads\/2025\/10\/Eka-postissa-1-300x225.jpg\" alt=\"\" width=\"441\" height=\"331\" srcset=\"https:\/\/piirto.com\/wp-content\/uploads\/2025\/10\/Eka-postissa-1-300x225.jpg 300w, https:\/\/piirto.com\/wp-content\/uploads\/2025\/10\/Eka-postissa-1-1024x768.jpg 1024w, https:\/\/piirto.com\/wp-content\/uploads\/2025\/10\/Eka-postissa-1-768x576.jpg 768w, https:\/\/piirto.com\/wp-content\/uploads\/2025\/10\/Eka-postissa-1-1536x1152.jpg 1536w, https:\/\/piirto.com\/wp-content\/uploads\/2025\/10\/Eka-postissa-1-2048x1536.jpg 2048w, https:\/\/piirto.com\/wp-content\/uploads\/2025\/10\/Eka-postissa-1-16x12.jpg 16w, https:\/\/piirto.com\/wp-content\/uploads\/2025\/10\/Eka-postissa-1-600x450.jpg 600w\" sizes=\"auto, (max-width: 441px) 100vw, 441px\" \/><span style=\"font-size: 24px; color: #000080;\"><strong>T\u00f6\u00f6l\u00f6n Kisahallin ikkunagalleria<br \/>\n<\/strong><\/span><span style=\"font-size: 21px; color: #808080;\"><span style=\"color: #ff0000;\">\u2022<\/span> <strong>uusi ilme ja uudet teokset<\/strong><span style=\"color: #ff0000;\"> \u2022<br \/>\n<\/span><\/span><span style=\"font-size: 16px;\">Mannerheimintie 17, Helsinki \u2013 avoinna 24\/7<br \/>\n<\/span><strong><span style=\"font-size: 16px; color: #808080;\">Ota yhteytt\u00e4, jos jokin teos puhuttelee sinua, kiitoksia!<\/span><\/strong><\/p>\n<p align=\"LEFT\">\n<p style=\"text-align: center;\" align=\"LEFT\">\n<p style=\"text-align: center;\" align=\"LEFT\"><span style=\"font-size: 21px;\"><strong><span style=\"font-size: 24px; color: #993300;\">The Kisahalli Window Gallery in T\u00f6\u00f6l\u00f6<\/span><br \/>\n<\/strong><\/span><span style=\"font-size: 21px; color: #808080;\"><span style=\"color: #ff0000;\">\u2022<\/span><strong> a fresh new look and new works<\/strong><span style=\"color: #ff0000;\"> \u2022<br \/>\n<\/span><\/span><span style=\"font-size: 16px;\">Mannerheimintie 17, Helsinki \u2013 open 24\/7<br \/>\n<\/span><strong><span style=\"font-size: 18px; color: #808080;\"><span style=\"font-size: 16px;\">Feel free to reach out if something speaks to you, thank you<\/span>!<\/span><\/strong><\/p>\n","protected":false},"excerpt":{"rendered":"<p>Vuosittain vaihtuva kes\u00e4n\u00e4yttely Savonlinnassa Piirton maalaukset ovat olleet esill\u00e4 Savonlinnassa tauotta vuodesta 1998. N\u00e4yttely &#8221;Feel the Whisper of Art&#8221; pidettiin 13.6.-10.8.2025 osoitteessa Olavinkatu 44. Annual summer exhibition in Savonlinna Tapani Piirto has exhibited his paintings in Savonlinna every year since 1998. &#8221;Feel the Whisper of Art&#8221; &#8211; Exhibition of 2025 was held 13.6.-10.8.2025 at Olavinkatu&#8230;<\/p>\n","protected":false},"author":1,"featured_media":0,"parent":336,"menu_order":0,"comment_status":"closed","ping_status":"closed","template":"","meta":{"footnotes":""},"class_list":["post-433","page","type-page","status-publish","hentry"],"_links":{"self":[{"href":"https:\/\/piirto.com\/fi\/wp-json\/wp\/v2\/pages\/433","targetHints":{"allow":["GET"]}}],"collection":[{"href":"https:\/\/piirto.com\/fi\/wp-json\/wp\/v2\/pages"}],"about":[{"href":"https:\/\/piirto.com\/fi\/wp-json\/wp\/v2\/types\/page"}],"author":[{"embeddable":true,"href":"https:\/\/piirto.com\/fi\/wp-json\/wp\/v2\/users\/1"}],"replies":[{"embeddable":true,"href":"https:\/\/piirto.com\/fi\/wp-json\/wp\/v2\/comments?post=433"}],"version-history":[{"count":5,"href":"https:\/\/piirto.com\/fi\/wp-json\/wp\/v2\/pages\/433\/revisions"}],"predecessor-version":[{"id":46795,"href":"https:\/\/piirto.com\/fi\/wp-json\/wp\/v2\/pages\/433\/revisions\/46795"}],"up":[{"embeddable":true,"href":"https:\/\/piirto.com\/fi\/wp-json\/wp\/v2\/pages\/336"}],"wp:attachment":[{"href":"https:\/\/piirto.com\/fi\/wp-json\/wp\/v2\/media?parent=433"}],"curies":[{"name":"wp","href":"https:\/\/api.w.org\/{rel}","templated":true}]}}