{"id":353,"date":"2019-11-14T18:02:04","date_gmt":"2019-11-14T16:02:04","guid":{"rendered":"http:\/\/piirto.com\/?page_id=353"},"modified":"2025-11-27T21:26:22","modified_gmt":"2025-11-27T19:26:22","slug":"vierailevat-taiteilijat","status":"publish","type":"page","link":"https:\/\/piirto.com\/fi\/vierailevat-taiteilijat\/","title":{"rendered":"VIERAILEVAT TAITEILIJAT"},"content":{"rendered":"<p align=\"CENTER\"><img loading=\"lazy\" decoding=\"async\" class=\"alignleft\" src=\"https:\/\/piirto.com\/wp-content\/uploads\/2025\/11\/TULEVAT-NAYTTELYT-4.4.-10.5.2026-212x300.jpg\" alt=\"\" width=\"560\" height=\"793\" \/><span style=\"color: #808080;\"><strong><span style=\"font-size: 24px;\">\u00a0<span style=\"color: #333399;\"> 4.4.\u201310.5.2026: &#8221;PALUU VALOON&#8221;<\/span><br \/>\n<\/span><span style=\"font-size: 24px; color: #333399;\">Tapani Piirto &amp; Marja Uusiluoto-Raaska<br \/>\n<\/span><\/strong><span style=\"font-size: 21px; color: #333399;\"><strong>Taidesalonki Piirto, Salakkakuja 4, Helsinki<\/strong><\/span><\/span><\/p>\n<p><span style=\"font-size: 16px;\">Nelj\u00e4n kuukauden hiljaisuuden j\u00e4lkeen Taidesalonki Piirto avaa j\u00e4lleen ovensa.<br \/>\n<\/span><span style=\"font-size: 16px;\">Kev\u00e4\u00e4n n\u00e4yttely \u201dPALUU VALOON\u201d tuo yhteen Tapani Piirron \u00f6ljyv\u00e4rimaalaukset ja Marja Uusiluoto-Raaskan pienoisveistokset \u2013 teokset, jotka kantavat valoa, l\u00e4sn\u00e4oloa ja jatkuvuutta.<\/span><\/p>\n<p><span style=\"font-size: 16px;\"><em>\u201dMaalaus ja savi keskustelevat toivon, aineen ja muutoksen teemoista: siit\u00e4, miten valo l\u00f6yt\u00e4\u00e4 tiens\u00e4 takaisin, vaikka kaikki pys\u00e4htyisi hetkeksi\u201d.<\/em><\/span><\/p>\n<p style=\"text-align: center;\"><strong><span style=\"font-size: 18px; color: #333399;\">Tervetuloa valoon palaamisen hetkeen!<\/span><\/strong><\/p>\n<hr \/>\n<p style=\"text-align: center;\"><span style=\"color: #800000;\"><strong><span style=\"font-size: 24px;\"><span style=\"font-size: 21px;\">April 4th\u2013May 10th 2026: &#8221;RETURN TO LIGHT&#8221;<\/span><br \/>\n<\/span><span style=\"font-size: 21px;\">Tapani Piirto &amp; Marja Uusiluoto-Raaska<br \/>\n<\/span><span style=\"font-size: 18px;\">Art Gallery Piirto, Salakkakuja 4, Helsinki<\/span><\/strong><\/span><\/p>\n<p>After four months of silence, Gallery Piirto opens its doors once again.<br \/>\nThe spring exhibition \u201cReturn to Light\u201d brings together oil paintings by Tapani Piirto and small-scale clay sculptures by Marja Uusiluoto-Raaska \u2013 works that carry light, presence, and continuity.<\/p>\n<p><em>\u201dPainting and clay engage in a dialogue of hope, matter, and transformation \u2013 about how light always finds its way back\u201d.<\/em><\/p>\n<p align=\"CENTER\"><span style=\"color: #800000;\"><strong><span style=\"font-size: 18px;\">Welcome to the moment of returning to light!<\/span><\/strong><\/span><\/p>\n<hr \/>\n<p style=\"text-align: center;\" align=\"CENTER\"><strong><span style=\"color: #008080; font-size: 24px;\">4.4.\u201310.5.2026: &#8221;\u00c5TER TILL LJUSET&#8221; \u2013 <\/span><span style=\"color: #008080; font-size: 24px;\">Tapani Piirto &amp; Marja Uusiluoto-Raaska<\/span><\/strong><br \/>\n<strong><span style=\"color: #008080; font-size: 18px;\">Konstsalong Piirto, Salakkakuja 4, Helsingfors<\/span><\/strong><\/p>\n<p style=\"text-align: left;\" align=\"CENTER\">Efter fyra m\u00e5naders tystnad \u00f6ppnas Galleri Piirtos d\u00f6rrar igen. V\u00e5rutst\u00e4llningen \u201d\u00c5ter till ljuset\u201d sammanf\u00f6r Tapani Piirtos oljem\u00e5lningar och Marja Uusiluoto-Raaskas miniatyrskulpturer \u2013 verk som b\u00e4r ljus, n\u00e4rvaro och kontinuitet. <em>\u201dM\u00e5leri och lera f\u00f6r en dialog om hopp, materia och f\u00f6r\u00e4ndring \u2013 om hur ljuset alltid hittar tillbaka\u201d.<\/em><\/p>\n<p style=\"text-align: center;\" align=\"CENTER\"><strong><span style=\"font-size: 18px; color: #008080;\">V\u00e4lkommen till \u00f6gonblicket d\u00e5 ljuset \u00e5terv\u00e4nder!<\/span><\/strong><\/p>\n","protected":false},"excerpt":{"rendered":"<p>\u00a0 4.4.\u201310.5.2026: &#8221;PALUU VALOON&#8221; Tapani Piirto &amp; Marja Uusiluoto-Raaska Taidesalonki Piirto, Salakkakuja 4, Helsinki Nelj\u00e4n kuukauden hiljaisuuden j\u00e4lkeen Taidesalonki Piirto avaa j\u00e4lleen ovensa. Kev\u00e4\u00e4n n\u00e4yttely \u201dPALUU VALOON\u201d tuo yhteen Tapani Piirron \u00f6ljyv\u00e4rimaalaukset ja Marja Uusiluoto-Raaskan pienoisveistokset \u2013 teokset, jotka kantavat valoa, l\u00e4sn\u00e4oloa ja jatkuvuutta. \u201dMaalaus ja savi keskustelevat toivon, aineen ja muutoksen teemoista: siit\u00e4, miten&#8230;<\/p>\n","protected":false},"author":1,"featured_media":0,"parent":0,"menu_order":0,"comment_status":"closed","ping_status":"closed","template":"","meta":{"footnotes":""},"class_list":["post-353","page","type-page","status-publish","hentry"],"_links":{"self":[{"href":"https:\/\/piirto.com\/fi\/wp-json\/wp\/v2\/pages\/353","targetHints":{"allow":["GET"]}}],"collection":[{"href":"https:\/\/piirto.com\/fi\/wp-json\/wp\/v2\/pages"}],"about":[{"href":"https:\/\/piirto.com\/fi\/wp-json\/wp\/v2\/types\/page"}],"author":[{"embeddable":true,"href":"https:\/\/piirto.com\/fi\/wp-json\/wp\/v2\/users\/1"}],"replies":[{"embeddable":true,"href":"https:\/\/piirto.com\/fi\/wp-json\/wp\/v2\/comments?post=353"}],"version-history":[{"count":4,"href":"https:\/\/piirto.com\/fi\/wp-json\/wp\/v2\/pages\/353\/revisions"}],"predecessor-version":[{"id":46624,"href":"https:\/\/piirto.com\/fi\/wp-json\/wp\/v2\/pages\/353\/revisions\/46624"}],"wp:attachment":[{"href":"https:\/\/piirto.com\/fi\/wp-json\/wp\/v2\/media?parent=353"}],"curies":[{"name":"wp","href":"https:\/\/api.w.org\/{rel}","templated":true}]}}