{"id":24,"date":"2019-10-16T13:57:19","date_gmt":"2019-10-16T10:57:19","guid":{"rendered":"http:\/\/piirto.com\/?page_id=24"},"modified":"2026-05-07T23:56:59","modified_gmt":"2026-05-07T20:56:59","slug":"taidesalonki-piirto","status":"publish","type":"page","link":"https:\/\/piirto.com\/fi\/taidesalonki-piirto\/","title":{"rendered":"TAIDESALONKI PIIRTO"},"content":{"rendered":"<p style=\"text-align: center;\"><span style=\"color: #800080;\"><span style=\"color: #333333; font-size: 18px;\"><strong><a style=\"color: #333333;\" href=\"https:\/\/piirto.com\/wp-content\/uploads\/2021\/02\/2-TAIDESALONKI-PIIRTO-20-VUOTTA.jpg\"><img loading=\"lazy\" decoding=\"async\" class=\" wp-image-24615 alignleft\" src=\"https:\/\/piirto.com\/wp-content\/uploads\/2022\/03\/21-VUOTTA-YEARS-1-212x300.jpg\" alt=\"\" width=\"212\" height=\"300\" srcset=\"https:\/\/piirto.com\/wp-content\/uploads\/2022\/03\/21-VUOTTA-YEARS-1-212x300.jpg 212w, https:\/\/piirto.com\/wp-content\/uploads\/2022\/03\/21-VUOTTA-YEARS-1-724x1024.jpg 724w, https:\/\/piirto.com\/wp-content\/uploads\/2022\/03\/21-VUOTTA-YEARS-1-768x1086.jpg 768w, https:\/\/piirto.com\/wp-content\/uploads\/2022\/03\/21-VUOTTA-YEARS-1-1086x1536.jpg 1086w, https:\/\/piirto.com\/wp-content\/uploads\/2022\/03\/21-VUOTTA-YEARS-1-1448x2048.jpg 1448w, https:\/\/piirto.com\/wp-content\/uploads\/2022\/03\/21-VUOTTA-YEARS-1-600x848.jpg 600w, https:\/\/piirto.com\/wp-content\/uploads\/2022\/03\/21-VUOTTA-YEARS-1-scaled.jpg 1810w\" sizes=\"auto, (max-width: 212px) 100vw, 212px\" \/><\/a><\/strong><\/span><\/span><strong><span style=\"font-size: 24px; color: #808080;\">Hyv\u00e4t asiakkaamme!<\/span><\/strong><\/p>\n<p style=\"text-align: left;\">Taidesalonki Piirto toimi 21 vuotta osoitteessa Uudenmaankatu 7, 00120 Helsinki. Kiit\u00e4mme kaikkia asiakkaitamme, n\u00e4ytteilleasettajia, toimittajia ja yhteisty\u00f6kumppaneita.<br \/>\n<span style=\"color: #ff0000;\"><strong>Toimintamme siirtyi Lauttasaareen. Uusi K\u00e4yntiosoite on\u00a0 Salakkakuja 4 A.\u00a0 Avoinna ti-to 12-18, la-su 12-18.<br \/>\n<\/strong><\/span>Taidesalonki Piirto\/Ateljee sijaitsee Vattuniemess\u00e4 luhtitalon alakerrassa. Esill\u00e4 on taiteilija Tapani Piirton tunnelmallisesti vangitsevia \u00f6ljyv\u00e4rimaalauksia. <strong><span style=\"color: #808080;\">N\u00e4in p\u00e4\u00e4set perille:<\/span><br \/>\n<\/strong><span style=\"color: #808080;\"><strong>&#8211; Bus 21<\/strong><\/span> Kampista, poistu Wavulintien pys\u00e4kill\u00e4, siit\u00e4 k\u00e4vellen 2 minuutti Vattuniemen suuntaan.<br \/>\n<span style=\"color: #808080;\"><strong>&#8211; Bus 22<\/strong> <\/span>Punavuoresta, poistu Lauttasaaren Kirkonpys\u00e4kill\u00e4, siit\u00e4 k\u00e4vellen 5 minuuttia Vattuniemen suuntaan.<br \/>\n<strong>&#8211; Metro<\/strong> Helsingist\u00e4 ja Espoosta, poistu Lauttasaari, Gyldenintie 2 suunta, sielt\u00e4 k\u00e4vellen n. 5 min. Vattuniemen suuntaan.<\/p>\n<p style=\"text-align: center;\"><span style=\"color: #993300; font-size: 18px;\"><strong>Tervetuloa \u2013 Vapaa p\u00e4\u00e4sy!<\/strong><\/span><\/p>\n<hr \/>\n<h2 style=\"text-align: center;\"><span style=\"color: #808080;\">Taidesalonki &#8211; Art Gallery PIIRTO mediassa &#8211; in Media &#8211; i media<\/span><\/h2>\n<hr \/>\n<h2 style=\"text-align: center;\"><span style=\"color: #993300;\"><span style=\"font-size: 32px;\">TOSEE<\/span><span style=\"font-size: 24px;\"> SWISS ART MAGAZINE<\/span>\u00a0 issue 2 &#8211; April 2026<\/span><\/h2>\n<p style=\"text-align: left;\" align=\"LEFT\"><span style=\"color: #808080;\"><em><span style=\"color: #333333;\"><strong><span style=\"font-size: 18px;\">&#8221;<\/span><\/strong><\/span><span style=\"color: #993300; font-size: 18px;\"><strong>Tapani Piirto<\/strong><\/span>\u00a0(b. 1946 in Southern Ostrobothnia) is a Helsinki based painter whose work is shaped by a lifelong connection to both visual art and music, giving his paintings a quiet rhythm and lyrical atmosphere. Working by the seashore in Lauttasaari, Helsinki \u2013 where he also runs <span style=\"font-size: 18px; color: #993300;\"><strong>Taidesalonki Piirto \u2013 Art Gallery Piirto<\/strong><\/span> \u2013 he creates figurative compositions in which forms dissolve softly, light seems to breathe through the surface and a sense of fleeting poetic presence emerges.<span style=\"color: #993300;\"><strong> In <\/strong><span style=\"font-size: 18px;\"><strong>Summer 2026 Piirto returns to Savonlinna for his 28th exhibition in Finland&#8217;s renowned Opera City<\/strong><\/span>.<\/span> His work has been shown widely in Finland and across Europe including Sweden, Estonia, France and Switzerland.<span style=\"font-size: 18px; color: #333333;\"><strong>&#8221;<\/strong><\/span><\/em><\/span><\/p>\n<p align=\"LEFT\"><img loading=\"lazy\" decoding=\"async\" class=\"wp-image-46911 aligncenter\" src=\"https:\/\/piirto.com\/wp-content\/uploads\/2026\/05\/TOSEE-kansi-taulut-300x161.jpg\" alt=\"\" width=\"925\" height=\"496\" srcset=\"https:\/\/piirto.com\/wp-content\/uploads\/2026\/05\/TOSEE-kansi-taulut-300x161.jpg 300w, https:\/\/piirto.com\/wp-content\/uploads\/2026\/05\/TOSEE-kansi-taulut-1024x549.jpg 1024w, https:\/\/piirto.com\/wp-content\/uploads\/2026\/05\/TOSEE-kansi-taulut-768x411.jpg 768w, https:\/\/piirto.com\/wp-content\/uploads\/2026\/05\/TOSEE-kansi-taulut-18x10.jpg 18w, https:\/\/piirto.com\/wp-content\/uploads\/2026\/05\/TOSEE-kansi-taulut-600x321.jpg 600w, https:\/\/piirto.com\/wp-content\/uploads\/2026\/05\/TOSEE-kansi-taulut.jpg 1303w\" sizes=\"auto, (max-width: 925px) 100vw, 925px\" \/><\/p>\n<hr \/>\n<h2 style=\"text-align: center;\" align=\"CENTER\"><span style=\"color: #333399;\">Sanomalehti LAUTTASAARI &#8211; 6.5.2026, nro 17<\/span><img loading=\"lazy\" decoding=\"async\" class=\" wp-image-46925\" src=\"https:\/\/piirto.com\/wp-content\/uploads\/2026\/05\/L-SAARI-LEHTI-artikkeli-TAPSA-222x300.jpg\" alt=\"\" width=\"856\" height=\"1156\" srcset=\"https:\/\/piirto.com\/wp-content\/uploads\/2026\/05\/L-SAARI-LEHTI-artikkeli-TAPSA-222x300.jpg 222w, https:\/\/piirto.com\/wp-content\/uploads\/2026\/05\/L-SAARI-LEHTI-artikkeli-TAPSA-758x1024.jpg 758w, https:\/\/piirto.com\/wp-content\/uploads\/2026\/05\/L-SAARI-LEHTI-artikkeli-TAPSA-768x1037.jpg 768w, https:\/\/piirto.com\/wp-content\/uploads\/2026\/05\/L-SAARI-LEHTI-artikkeli-TAPSA-9x12.jpg 9w, https:\/\/piirto.com\/wp-content\/uploads\/2026\/05\/L-SAARI-LEHTI-artikkeli-TAPSA-600x810.jpg 600w, https:\/\/piirto.com\/wp-content\/uploads\/2026\/05\/L-SAARI-LEHTI-artikkeli-TAPSA.jpg 1058w\" sizes=\"auto, (max-width: 856px) 100vw, 856px\" \/><img loading=\"lazy\" decoding=\"async\" class=\" wp-image-46930 aligncenter\" src=\"https:\/\/piirto.com\/wp-content\/uploads\/2026\/05\/L-SAARI-YHDISTELMA-edit-300x175.png\" alt=\"\" width=\"840\" height=\"490\" srcset=\"https:\/\/piirto.com\/wp-content\/uploads\/2026\/05\/L-SAARI-YHDISTELMA-edit-300x175.png 300w, https:\/\/piirto.com\/wp-content\/uploads\/2026\/05\/L-SAARI-YHDISTELMA-edit-768x448.png 768w, https:\/\/piirto.com\/wp-content\/uploads\/2026\/05\/L-SAARI-YHDISTELMA-edit-18x12.png 18w, https:\/\/piirto.com\/wp-content\/uploads\/2026\/05\/L-SAARI-YHDISTELMA-edit-600x350.png 600w, https:\/\/piirto.com\/wp-content\/uploads\/2026\/05\/L-SAARI-YHDISTELMA-edit.png 932w\" sizes=\"auto, (max-width: 840px) 100vw, 840px\" \/><\/h2>\n<hr \/>\n<h2 align=\"CENTER\">Pysyv\u00e4 ikkunan\u00e4yttely Helsingiss\u00e4 &#8211; Permanent window exhibition in Helsinki<\/h2>\n<h3 align=\"CENTER\"><img loading=\"lazy\" decoding=\"async\" class=\"wp-image-46837 alignright\" src=\"https:\/\/piirto.com\/wp-content\/uploads\/2025\/10\/Eka-postissa-3-293x300.jpg\" alt=\"\" width=\"235\" height=\"241\" srcset=\"https:\/\/piirto.com\/wp-content\/uploads\/2025\/10\/Eka-postissa-3-293x300.jpg 293w, https:\/\/piirto.com\/wp-content\/uploads\/2025\/10\/Eka-postissa-3-1000x1024.jpg 1000w, https:\/\/piirto.com\/wp-content\/uploads\/2025\/10\/Eka-postissa-3-768x786.jpg 768w, https:\/\/piirto.com\/wp-content\/uploads\/2025\/10\/Eka-postissa-3-1501x1536.jpg 1501w, https:\/\/piirto.com\/wp-content\/uploads\/2025\/10\/Eka-postissa-3-2001x2048.jpg 2001w, https:\/\/piirto.com\/wp-content\/uploads\/2025\/10\/Eka-postissa-3-12x12.jpg 12w, https:\/\/piirto.com\/wp-content\/uploads\/2025\/10\/Eka-postissa-3-600x614.jpg 600w\" sizes=\"auto, (max-width: 235px) 100vw, 235px\" \/><em><span style=\"font-size: 14px;\"><img loading=\"lazy\" decoding=\"async\" class=\"wp-image-46836 alignleft\" src=\"https:\/\/piirto.com\/wp-content\/uploads\/2025\/10\/Eka-postissa-2-300x167.jpg\" alt=\"\" width=\"428\" height=\"238\" srcset=\"https:\/\/piirto.com\/wp-content\/uploads\/2025\/10\/Eka-postissa-2-300x167.jpg 300w, https:\/\/piirto.com\/wp-content\/uploads\/2025\/10\/Eka-postissa-2-1024x571.jpg 1024w, https:\/\/piirto.com\/wp-content\/uploads\/2025\/10\/Eka-postissa-2-768x428.jpg 768w, https:\/\/piirto.com\/wp-content\/uploads\/2025\/10\/Eka-postissa-2-1536x856.jpg 1536w, https:\/\/piirto.com\/wp-content\/uploads\/2025\/10\/Eka-postissa-2-2048x1142.jpg 2048w, https:\/\/piirto.com\/wp-content\/uploads\/2025\/10\/Eka-postissa-2-18x10.jpg 18w, https:\/\/piirto.com\/wp-content\/uploads\/2025\/10\/Eka-postissa-2-600x335.jpg 600w\" sizes=\"auto, (max-width: 428px) 100vw, 428px\" \/><\/span><\/em><\/h3>\n<p style=\"text-align: center;\" align=\"CENTER\"><span style=\"font-size: 16px;\">Tapani Piirton maalaukset ovat olleet esill\u00e4 vuodesta 2008 alkaen Kisahallin Mannerheimintien Puoleisessa ikkunassa n:o 21.<br \/>\n<\/span><br \/>\n<span style=\"font-size: 16px;\">Since 2008 Tapani Piirto&#8217;s paintings have been on display in the Mannerheimintie side parade window number 21 of T\u00f6\u00f6l\u00f6n kisahalli.<\/span><\/p>\n<p align=\"LEFT\">\n","protected":false},"excerpt":{"rendered":"<p>Hyv\u00e4t asiakkaamme! Taidesalonki Piirto toimi 21 vuotta osoitteessa Uudenmaankatu 7, 00120 Helsinki. Kiit\u00e4mme kaikkia asiakkaitamme, n\u00e4ytteilleasettajia, toimittajia ja yhteisty\u00f6kumppaneita. Toimintamme siirtyi Lauttasaareen. Uusi K\u00e4yntiosoite on\u00a0 Salakkakuja 4 A.\u00a0 Avoinna ti-to 12-18, la-su 12-18. Taidesalonki Piirto\/Ateljee sijaitsee Vattuniemess\u00e4 luhtitalon alakerrassa. Esill\u00e4 on taiteilija Tapani Piirton tunnelmallisesti vangitsevia \u00f6ljyv\u00e4rimaalauksia. N\u00e4in p\u00e4\u00e4set perille: &#8211; Bus 21 Kampista, poistu&#8230;<\/p>\n","protected":false},"author":1,"featured_media":0,"parent":0,"menu_order":0,"comment_status":"closed","ping_status":"closed","template":"","meta":{"footnotes":""},"class_list":["post-24","page","type-page","status-publish","hentry"],"_links":{"self":[{"href":"https:\/\/piirto.com\/fi\/wp-json\/wp\/v2\/pages\/24","targetHints":{"allow":["GET"]}}],"collection":[{"href":"https:\/\/piirto.com\/fi\/wp-json\/wp\/v2\/pages"}],"about":[{"href":"https:\/\/piirto.com\/fi\/wp-json\/wp\/v2\/types\/page"}],"author":[{"embeddable":true,"href":"https:\/\/piirto.com\/fi\/wp-json\/wp\/v2\/users\/1"}],"replies":[{"embeddable":true,"href":"https:\/\/piirto.com\/fi\/wp-json\/wp\/v2\/comments?post=24"}],"version-history":[{"count":9,"href":"https:\/\/piirto.com\/fi\/wp-json\/wp\/v2\/pages\/24\/revisions"}],"predecessor-version":[{"id":46934,"href":"https:\/\/piirto.com\/fi\/wp-json\/wp\/v2\/pages\/24\/revisions\/46934"}],"wp:attachment":[{"href":"https:\/\/piirto.com\/fi\/wp-json\/wp\/v2\/media?parent=24"}],"curies":[{"name":"wp","href":"https:\/\/api.w.org\/{rel}","templated":true}]}}