{"id":22,"date":"2019-10-16T13:56:37","date_gmt":"2019-10-16T10:56:37","guid":{"rendered":"http:\/\/piirto.com\/?page_id=22"},"modified":"2022-12-20T23:10:57","modified_gmt":"2022-12-20T21:10:57","slug":"tapani-piirto","status":"publish","type":"page","link":"https:\/\/piirto.com\/fi\/etusivu-2\/tapani-piirto\/","title":{"rendered":"TAPANI PIIRTO"},"content":{"rendered":"\r\n<p><!--StartFragment--><\/p>\r\n\r\n<h5 style=\"text-align: center;\"><strong><a href=\"https:\/\/piirto.com\/en\/\"><img loading=\"lazy\" decoding=\"async\" class=\"trp-flag-image\" title=\"English (UK)\" src=\"https:\/\/piirto.com\/wp-content\/plugins\/translatepress-multilingual\/assets\/images\/flags\/en_GB.png\" alt=\"en_GB\" width=\"24\" height=\"16\" \/> \u00a0<\/a><a href=\"https:\/\/piirto.com\/fi\/\"><img loading=\"lazy\" decoding=\"async\" class=\"trp-flag-image\" title=\"Suomi\" src=\"https:\/\/piirto.com\/wp-content\/plugins\/translatepress-multilingual\/assets\/images\/flags\/fi.png\" alt=\"fi\" width=\"24\" height=\"16\" \/><\/a><\/strong><\/h5>\r\n<h5 style=\"text-align: center;\"><span style=\"color: #808080;\">Taidesalonkimme esittelee n\u00e4yttelyiss\u00e4\u00e4n Tapani Piirton maalauksia.<\/span><\/h5>\r\n<p style=\"text-align: left;\"><strong>Tapani Piirto<\/strong> on syntynyt Etel\u00e4-Pohjanmaalla, mutta asunut jo vuosia Helsingiss\u00e4. Piirtolle on kehkeytynyt runsaasti persoonallista n\u00e4kemyst\u00e4, jonka h\u00e4n vie taiteeseensa, jossa on usein figuratiivista otetta. H\u00e4nen taiteessaan lumoaa my\u00f6nteinen valo, liike ja el\u00e4m\u00e4nilo.<\/p>\r\n<p style=\"text-align: left;\"><em><strong><span style=\"color: #808080;\">Taiteilijan omin sanoin:<\/span> <br \/>&#8211; <\/strong><\/em><em>Maalaaminen ei ole minulle vain ty\u00f6t\u00e4, se on intohimoa ja terapiaa, laillaan my\u00f6s olemassaolon tarkoitus. <\/em><em>Ihminen on upeimmillaan kun h\u00e4n unohtaa itsens\u00e4, ja antaa asioiden vain tulla.<br \/>&#8211; <\/em><em>Kun maalaus vie, en mieti edes nukkumista; y\u00f6 k\u00e4y luokse, mutta min\u00e4 jatkan ty\u00f6t\u00e4ni, annan musiikin soida taustalla. <br \/>&#8211; <\/em><em>Sivellin pysyy k\u00e4dess\u00e4ni toisinaan jopa pikkutunneille. Aina niin kutsuva kangas t\u00e4yttyy v\u00e4hin erin viivoista, v\u00e4rist\u00e4 ja valosta. Jostain toisinaan kankaalle muodostuu vaikkapa tanssipari, se liikehtii eteeni p\u00e4\u00e4ni ja k\u00e4sieni kautta, osin salatusti, sen kummemmin selittelem\u00e4tt\u00e4. \u00c4kisti kaikki vain on.<\/em><\/p>\r\n","protected":false},"excerpt":{"rendered":"<p>\u00a0 Taidesalonkimme esittelee n\u00e4yttelyiss\u00e4\u00e4n Tapani Piirton maalauksia. Tapani Piirto on syntynyt Etel\u00e4-Pohjanmaalla, mutta asunut jo vuosia Helsingiss\u00e4. Piirtolle on kehkeytynyt runsaasti persoonallista n\u00e4kemyst\u00e4, jonka h\u00e4n vie taiteeseensa, jossa on usein figuratiivista otetta. H\u00e4nen taiteessaan lumoaa my\u00f6nteinen valo, liike ja el\u00e4m\u00e4nilo. Taiteilijan omin sanoin: &#8211; Maalaaminen ei ole minulle vain ty\u00f6t\u00e4, se on intohimoa ja terapiaa,&#8230;<\/p>\n","protected":false},"author":1,"featured_media":589,"parent":167,"menu_order":0,"comment_status":"closed","ping_status":"closed","template":"","meta":{"footnotes":""},"class_list":["post-22","page","type-page","status-publish","has-post-thumbnail","hentry"],"_links":{"self":[{"href":"https:\/\/piirto.com\/fi\/wp-json\/wp\/v2\/pages\/22","targetHints":{"allow":["GET"]}}],"collection":[{"href":"https:\/\/piirto.com\/fi\/wp-json\/wp\/v2\/pages"}],"about":[{"href":"https:\/\/piirto.com\/fi\/wp-json\/wp\/v2\/types\/page"}],"author":[{"embeddable":true,"href":"https:\/\/piirto.com\/fi\/wp-json\/wp\/v2\/users\/1"}],"replies":[{"embeddable":true,"href":"https:\/\/piirto.com\/fi\/wp-json\/wp\/v2\/comments?post=22"}],"version-history":[{"count":5,"href":"https:\/\/piirto.com\/fi\/wp-json\/wp\/v2\/pages\/22\/revisions"}],"predecessor-version":[{"id":46788,"href":"https:\/\/piirto.com\/fi\/wp-json\/wp\/v2\/pages\/22\/revisions\/46788"}],"up":[{"embeddable":true,"href":"https:\/\/piirto.com\/fi\/wp-json\/wp\/v2\/pages\/167"}],"wp:featuredmedia":[{"embeddable":true,"href":"https:\/\/piirto.com\/fi\/wp-json\/wp\/v2\/media\/589"}],"wp:attachment":[{"href":"https:\/\/piirto.com\/fi\/wp-json\/wp\/v2\/media?parent=22"}],"curies":[{"name":"wp","href":"https:\/\/api.w.org\/{rel}","templated":true}]}}