{"id":436,"date":"2019-11-21T13:25:35","date_gmt":"2019-11-21T11:25:35","guid":{"rendered":"http:\/\/piirto.com\/?page_id=436"},"modified":"2020-11-10T16:02:13","modified_gmt":"2020-11-10T14:02:13","slug":"vierailevat-taiteilijat-2","status":"publish","type":"page","link":"https:\/\/piirto.com\/en\/vierailevat-taiteilijat-2\/","title":{"rendered":"EXHIBITIONS"},"content":{"rendered":"<p>&nbsp;<\/p>\n<figure id=\"attachment_7450\" aria-describedby=\"caption-attachment-7450\" style=\"width: 353px\" class=\"wp-caption alignleft\"><a href=\"https:\/\/piirto.com\/wp-content\/uploads\/2020\/11\/Taiteilija-Tapani-Piirto-Palaa-luokseni-50x40-\u00f6ljyv\u00e4ri-oil.jpg\"><img loading=\"lazy\" decoding=\"async\" class=\"wp-image-7450\" src=\"https:\/\/piirto.com\/wp-content\/uploads\/2020\/11\/Taiteilija-Tapani-Piirto-Palaa-luokseni-50x40-\u00f6ljyv\u00e4ri-oil-824x1024.jpg\" alt=\"\" width=\"353\" height=\"511\" \/><\/a><figcaption id=\"caption-attachment-7450\" class=\"wp-caption-text\">Tapani Piirto, Palaa luokseni, 50&#215;40, \u00f6ljyv\u00e4ri, oil<\/figcaption><\/figure>\n<h3 style=\"text-align: center;\"><span style=\"color: #808080;\">Exhibitions of Tapani Piirto<br \/>\n<\/span><\/h3>\n<p>In many of Piirto's delicate, pastel shaded oil paintings the people almost become one with their background; like ghosts they almost disappear only to captivatingly appear again with a second glance.<\/p>\n<p>Music plays when Tapani Piirto paints, he lets the notes carry him.<\/p>\n<p lang=\"en-US\"><span style=\"color: #808080;\">\u201c<i>Technically, I could explain how my paintings are born, but I cannot say, on what grounds I picked a variety of details of the paintings and how my topics are selected. Somehow, the subject choices have even my own childhood presented in them, but of course nothing comes from there directly.\u201d<\/i><\/span><\/p>\n<p><span style=\"color: #808080;\"><em>\u00a0<\/em><\/span><\/p>\n<p>&nbsp;<\/p>\n<p>&nbsp;<\/p>\n<p>&nbsp;<\/p>\n<p>&nbsp;<\/p>\n<p>&nbsp;<\/p>\n<p>&nbsp;<\/p>\n<p>&nbsp;<\/p>\n<p style=\"text-align: left;\">","protected":false},"excerpt":{"rendered":"<p>&nbsp; Tapani Piirton n\u00e4yttelyt Monissa Piirton hienovireisiss\u00e4 pastellis\u00e4vyisiss\u00e4 \u00f6ljyv\u00e4rimaalauksissa henkil\u00f6t ik\u00e4\u00e4n kuin humahtavat taustaan; aivan kuin aaveet ne n\u00e4ytt\u00e4v\u00e4t h\u00e4vi\u00e4v\u00e4n, mutta uudestaan katsottaessa ne ovat taas kiehtovasti l\u00e4sn\u00e4. Maalatessaan Tapani Piirto antaa musiikin soida, s\u00e4velten vied\u00e4. \u201cTeknisesti pystyisin selvitt\u00e4m\u00e4\u00e4n, miten maalaukseni ovat syntyneet, mutta sit\u00e4 en osaa sanoa, mill\u00e4 perusteilla poimin erilaisia yksityiskohtia maalauksiini ja&#8230;<\/p>","protected":false},"author":1,"featured_media":0,"parent":0,"menu_order":0,"comment_status":"closed","ping_status":"closed","template":"","meta":{"footnotes":""},"class_list":["post-436","page","type-page","status-publish","hentry"],"_links":{"self":[{"href":"https:\/\/piirto.com\/en\/wp-json\/wp\/v2\/pages\/436","targetHints":{"allow":["GET"]}}],"collection":[{"href":"https:\/\/piirto.com\/en\/wp-json\/wp\/v2\/pages"}],"about":[{"href":"https:\/\/piirto.com\/en\/wp-json\/wp\/v2\/types\/page"}],"author":[{"embeddable":true,"href":"https:\/\/piirto.com\/en\/wp-json\/wp\/v2\/users\/1"}],"replies":[{"embeddable":true,"href":"https:\/\/piirto.com\/en\/wp-json\/wp\/v2\/comments?post=436"}],"version-history":[{"count":5,"href":"https:\/\/piirto.com\/en\/wp-json\/wp\/v2\/pages\/436\/revisions"}],"predecessor-version":[{"id":7453,"href":"https:\/\/piirto.com\/en\/wp-json\/wp\/v2\/pages\/436\/revisions\/7453"}],"wp:attachment":[{"href":"https:\/\/piirto.com\/en\/wp-json\/wp\/v2\/media?parent=436"}],"curies":[{"name":"wp","href":"https:\/\/api.w.org\/{rel}","templated":true}]}}