{"id":433,"date":"2019-11-21T13:19:31","date_gmt":"2019-11-21T11:19:31","guid":{"rendered":"http:\/\/piirto.com\/?page_id=433"},"modified":"2026-05-13T12:27:10","modified_gmt":"2026-05-13T09:27:10","slug":"muualla-olevat-nayttelyt","status":"publish","type":"page","link":"https:\/\/piirto.com\/en\/tapanin-maalauksia\/muualla-olevat-nayttelyt\/","title":{"rendered":"OTHER EXHIBITIONS BY TAPANI PIIRTO"},"content":{"rendered":"<h3 align=\"CENTER\"><span style=\"color: #808080;\">TEAHOUSE OF WEHMAIS \u2013 \u201cWhispers of Tea &amp; Art\u201d<\/span><\/h3>\n<p align=\"CENTER\"><img loading=\"lazy\" decoding=\"async\" class=\"wp-image-46880 aligncenter\" src=\"https:\/\/piirto.com\/wp-content\/uploads\/2026\/05\/TEAHOUSE-OF-WEHMAIS-JULISTE-TAPANI-PIIRTO-2026-1-300x212.jpg\" alt=\"\" width=\"754\" height=\"533\" srcset=\"https:\/\/piirto.com\/wp-content\/uploads\/2026\/05\/TEAHOUSE-OF-WEHMAIS-JULISTE-TAPANI-PIIRTO-2026-1-300x212.jpg 300w, https:\/\/piirto.com\/wp-content\/uploads\/2026\/05\/TEAHOUSE-OF-WEHMAIS-JULISTE-TAPANI-PIIRTO-2026-1-1024x724.jpg 1024w, https:\/\/piirto.com\/wp-content\/uploads\/2026\/05\/TEAHOUSE-OF-WEHMAIS-JULISTE-TAPANI-PIIRTO-2026-1-768x543.jpg 768w, https:\/\/piirto.com\/wp-content\/uploads\/2026\/05\/TEAHOUSE-OF-WEHMAIS-JULISTE-TAPANI-PIIRTO-2026-1-1536x1086.jpg 1536w, https:\/\/piirto.com\/wp-content\/uploads\/2026\/05\/TEAHOUSE-OF-WEHMAIS-JULISTE-TAPANI-PIIRTO-2026-1-18x12.jpg 18w, https:\/\/piirto.com\/wp-content\/uploads\/2026\/05\/TEAHOUSE-OF-WEHMAIS-JULISTE-TAPANI-PIIRTO-2026-1-600x424.jpg 600w, https:\/\/piirto.com\/wp-content\/uploads\/2026\/05\/TEAHOUSE-OF-WEHMAIS-JULISTE-TAPANI-PIIRTO-2026-1.jpg 1754w\" sizes=\"auto, (max-width: 754px) 100vw, 754px\" \/><\/p>\n<p style=\"text-align: center;\"><span style=\"color: #808080;\">Kes\u00e4ll\u00e4 2026 Wehmaan Kartanon pihapiiriss\u00e4 Juvalla avautuu Tapani Piirton n\u00e4yttely <strong>\u201cWhispers of Tea &amp; Art\u201d.<br \/>\n<\/strong><\/span><em><span style=\"color: #808080;\">&#8221;Helsinkil\u00e4isen kuvataiteilijan maalaukset rakentavat hiljaisia hetki\u00e4, joissa l\u00e4sn\u00e4olo, valo <\/span><\/em><br \/>\n<em><span style=\"color: #808080;\">ja aika kietoutuvat toisiinsa. Teoksille ominaista on tunnelma, herkkyys ja pys\u00e4htyneisyys. <\/span><\/em><br \/>\n<em><span style=\"color: #808080;\">N\u00e4yttely koetaan ensimm\u00e4ist\u00e4 kertaa TeaHouse of Wehmaisin ainutlaatuisessa ymp\u00e4rist\u00f6ss\u00e4, <\/span><\/em><br \/>\n<span style=\"color: #808080;\"><em>jossa taide, historia ja rauha muodostavat ainutlaatuisen kokonaisuuden.&#8221;<\/em><br \/>\n<\/span><strong><span style=\"color: #333399;\">Tervetuloa kokemaan kes\u00e4n rauhallinen taidehetki Etel\u00e4-Savossa!<\/span><\/strong><\/p>\n<p style=\"text-align: center;\"><span style=\"color: #808080;\">In summer 2026, the courtyard of Wehmaan Kartano in Juva hosts Tapani Piirto\u2019s\u00a0 exhibition <strong>\u201cWhispers of Tea &amp; Art\u201d<\/strong>.<br \/>\n<\/span><em><span style=\"color: #808080;\">&#8221;The Helsinki-based artist\u2019s paintings explore quiet moments where presence, light, and time intertwine. <\/span><\/em><br \/>\n<em><span style=\"color: #808080;\">His works are defined by atmosphere, sensitivity, and stillness. Presented for the first time at TeaHouse <\/span><\/em><br \/>\n<span style=\"color: #808080;\"><em>of Wehmaisin, the exhibition unfolds in a unique setting where art, history, and tranquility meet.&#8221;<\/em><br \/>\n<\/span><span style=\"color: #993300;\"><strong>Welcome to a calm summer art experience in Southern Savonia!<\/strong><\/span><\/p>\n<hr \/>\n<h3 align=\"CENTER\"><span style=\"color: #808080;\">&#8221;YEAR AFTER YEAR\u201d \u2013 Savonlinna XXVIII<\/span><\/h3>\n<p align=\"CENTER\"><img loading=\"lazy\" decoding=\"async\" class=\"wp-image-46881 aligncenter\" src=\"https:\/\/piirto.com\/wp-content\/uploads\/2026\/05\/TAPANI-PIIRTO-JULISTE-SAVONLINNA-2026-300x217.jpg\" alt=\"\" width=\"743\" height=\"537\" srcset=\"https:\/\/piirto.com\/wp-content\/uploads\/2026\/05\/TAPANI-PIIRTO-JULISTE-SAVONLINNA-2026-300x217.jpg 300w, https:\/\/piirto.com\/wp-content\/uploads\/2026\/05\/TAPANI-PIIRTO-JULISTE-SAVONLINNA-2026-1024x739.jpg 1024w, https:\/\/piirto.com\/wp-content\/uploads\/2026\/05\/TAPANI-PIIRTO-JULISTE-SAVONLINNA-2026-768x554.jpg 768w, https:\/\/piirto.com\/wp-content\/uploads\/2026\/05\/TAPANI-PIIRTO-JULISTE-SAVONLINNA-2026-1536x1109.jpg 1536w, https:\/\/piirto.com\/wp-content\/uploads\/2026\/05\/TAPANI-PIIRTO-JULISTE-SAVONLINNA-2026-18x12.jpg 18w, https:\/\/piirto.com\/wp-content\/uploads\/2026\/05\/TAPANI-PIIRTO-JULISTE-SAVONLINNA-2026-600x433.jpg 600w, https:\/\/piirto.com\/wp-content\/uploads\/2026\/05\/TAPANI-PIIRTO-JULISTE-SAVONLINNA-2026.jpg 1718w\" sizes=\"auto, (max-width: 743px) 100vw, 743px\" \/><\/p>\n<p style=\"text-align: center;\">Savonlinnassa n\u00e4hd\u00e4\u00e4n j\u00e4lleen Tapani Piirton maalauksia oopperakes\u00e4n aikaan \u2013 jo 28. kerran.<br \/>\n\u201cYear After Year\u201d on vakiintunut osa Savonlinnan Oopperajuhlien kes\u00e4perinnett\u00e4 ja kaupungin kulttuurista<br \/>\ntunnelmaa. N\u00e4yttely tarjoaa rauhallisen pys\u00e4hdyspaikan kes\u00e4n el\u00e4myksiss\u00e4. Teoksissa korostuvat<br \/>\nvalo, ajattomuus ja hiljainen l\u00e4sn\u00e4olo. Ne kutsuvat viipym\u00e4\u00e4n hetkess\u00e4. N\u00e4yttelyn nimi viittaa<br \/>\njatkuvuuteen ja perinteeseen. XXVIII kertoo sen pitk\u00e4st\u00e4 historiasta Savonlinnassa.<br \/>\n<span style=\"color: #333399; font-size: 18px;\"><strong>Tervetuloa &#8211; v\u00e4lkommen!<\/strong><\/span><\/p>\n<p style=\"text-align: center;\">In Savonlinna, Tapani Piirto&#8217;s paintings return for the 28th time during the opera summer.<br \/>\n\u201cYear After Year\u201d has become an established part of the Savonlinna Opera Festival tradition and the city\u2019s<br \/>\nsummer cultural atmosphere, offering a quiet pause amid the season\u2019s experiences.The works reflect light,<br \/>\ntimelessness, and quiet presence, inviting viewers to linger in the moment. The title refers<br \/>\nto continuity and tradition, with XXVIII marking the exhibition\u2019s long history in Savonlinna.<br \/>\n<span style=\"color: #993300; font-size: 18px;\"><strong>Welcome!<\/strong><\/span><\/p>\n<hr \/>\n<h4 align=\"CENTER\"><strong>GRAN CANARIA, Espanja &#8211; Spain<\/strong><br \/>\n<strong>Playa del Ingl\u00e9s San Bartolom\u00e9 de Tirajana<\/strong><\/h4>\n<p><img loading=\"lazy\" decoding=\"async\" class=\"wp-image-46882 aligncenter\" src=\"https:\/\/piirto.com\/wp-content\/uploads\/2026\/05\/TAPANIN-JUHAN-JULISTEEN-ENNAKKO-212x300.jpg\" alt=\"\" width=\"732\" height=\"1035\" srcset=\"https:\/\/piirto.com\/wp-content\/uploads\/2026\/05\/TAPANIN-JUHAN-JULISTEEN-ENNAKKO-212x300.jpg 212w, https:\/\/piirto.com\/wp-content\/uploads\/2026\/05\/TAPANIN-JUHAN-JULISTEEN-ENNAKKO-724x1024.jpg 724w, https:\/\/piirto.com\/wp-content\/uploads\/2026\/05\/TAPANIN-JUHAN-JULISTEEN-ENNAKKO-768x1086.jpg 768w, https:\/\/piirto.com\/wp-content\/uploads\/2026\/05\/TAPANIN-JUHAN-JULISTEEN-ENNAKKO-1086x1536.jpg 1086w, https:\/\/piirto.com\/wp-content\/uploads\/2026\/05\/TAPANIN-JUHAN-JULISTEEN-ENNAKKO-8x12.jpg 8w, https:\/\/piirto.com\/wp-content\/uploads\/2026\/05\/TAPANIN-JUHAN-JULISTEEN-ENNAKKO-600x849.jpg 600w, https:\/\/piirto.com\/wp-content\/uploads\/2026\/05\/TAPANIN-JUHAN-JULISTEEN-ENNAKKO.jpg 1240w\" sizes=\"auto, (max-width: 732px) 100vw, 732px\" \/><\/p>\n<p style=\"text-align: center;\"><span style=\"color: #ff0000;\"><strong>Tervetuloa kaikille &#8211; Welcome everyone &#8211; Bienvenidos a todos!<\/strong><\/span><\/p>\n<hr \/>\n<p style=\"text-align: center;\" align=\"LEFT\"><span style=\"color: #666699;\"><img loading=\"lazy\" decoding=\"async\" class=\"alignleft\" src=\"https:\/\/piirto.com\/wp-content\/uploads\/2025\/10\/Eka-postissa-1-300x225.jpg\" alt=\"\" width=\"441\" height=\"331\" \/><\/span><\/p>\n<p style=\"text-align: center;\" align=\"LEFT\"><span style=\"font-size: 24px; color: #000080;\"><strong>T\u00f6\u00f6l\u00f6n Kisahallin ikkunagalleria<br \/>\n<\/strong><\/span><span style=\"font-size: 21px; color: #808080;\"><span style=\"color: #ff0000;\">\u2022<\/span> <strong>uusi ilme ja uudet teokset<\/strong><span style=\"color: #ff0000;\"> \u2022<br \/>\n<\/span><\/span><span style=\"font-size: 16px;\">Mannerheimintie 17, Helsinki \u2013 avoinna 24\/7<br \/>\n<\/span><strong><span style=\"font-size: 16px; color: #808080;\">Ota yhteytt\u00e4, jos jokin teos puhuttelee sinua, kiitoksia!<\/span><\/strong><\/p>\n<p style=\"text-align: center;\" align=\"LEFT\"><span style=\"font-size: 21px;\"><strong><span style=\"font-size: 24px; color: #993300;\">The Kisahalli Window Gallery in T\u00f6\u00f6l\u00f6<\/span><br \/>\n<\/strong><\/span><span style=\"font-size: 21px; color: #808080;\"><span style=\"color: #ff0000;\">\u2022<\/span><strong> a fresh new look and new works<\/strong><span style=\"color: #ff0000;\"> \u2022<br \/>\n<\/span><\/span><span style=\"font-size: 16px;\">Mannerheimintie 17, Helsinki \u2013 open 24\/7<br \/>\n<\/span><strong><span style=\"font-size: 18px; color: #808080;\"><span style=\"font-size: 16px;\">Feel free to reach out if something speaks to you, thank you<\/span>!<\/span><\/strong><\/p>","protected":false},"excerpt":{"rendered":"<p>TEAHOUSE OF WEHMAIS \u2013 \u201cWhispers of Tea &amp; Art\u201d Kes\u00e4ll\u00e4 2026 Wehmaan Kartanon pihapiiriss\u00e4 Juvalla avautuu Tapani Piirton n\u00e4yttely \u201cWhispers of Tea &amp; Art\u201d. &#8221;Helsinkil\u00e4isen kuvataiteilijan maalaukset rakentavat hiljaisia hetki\u00e4, joissa l\u00e4sn\u00e4olo, valo ja aika kietoutuvat toisiinsa. Teoksille ominaista on tunnelma, herkkyys ja pys\u00e4htyneisyys. N\u00e4yttely koetaan ensimm\u00e4ist\u00e4 kertaa TeaHouse of Wehmaisin ainutlaatuisessa ymp\u00e4rist\u00f6ss\u00e4, jossa taide,&#8230;<\/p>","protected":false},"author":1,"featured_media":0,"parent":336,"menu_order":0,"comment_status":"closed","ping_status":"closed","template":"","meta":{"footnotes":""},"class_list":["post-433","page","type-page","status-publish","hentry"],"_links":{"self":[{"href":"https:\/\/piirto.com\/en\/wp-json\/wp\/v2\/pages\/433","targetHints":{"allow":["GET"]}}],"collection":[{"href":"https:\/\/piirto.com\/en\/wp-json\/wp\/v2\/pages"}],"about":[{"href":"https:\/\/piirto.com\/en\/wp-json\/wp\/v2\/types\/page"}],"author":[{"embeddable":true,"href":"https:\/\/piirto.com\/en\/wp-json\/wp\/v2\/users\/1"}],"replies":[{"embeddable":true,"href":"https:\/\/piirto.com\/en\/wp-json\/wp\/v2\/comments?post=433"}],"version-history":[{"count":6,"href":"https:\/\/piirto.com\/en\/wp-json\/wp\/v2\/pages\/433\/revisions"}],"predecessor-version":[{"id":46941,"href":"https:\/\/piirto.com\/en\/wp-json\/wp\/v2\/pages\/433\/revisions\/46941"}],"up":[{"embeddable":true,"href":"https:\/\/piirto.com\/en\/wp-json\/wp\/v2\/pages\/336"}],"wp:attachment":[{"href":"https:\/\/piirto.com\/en\/wp-json\/wp\/v2\/media?parent=433"}],"curies":[{"name":"wp","href":"https:\/\/api.w.org\/{rel}","templated":true}]}}